



{"id":14003,"date":"2025-01-26T10:21:59","date_gmt":"2025-01-26T09:21:59","guid":{"rendered":"https:\/\/pruebas.tartgetprize.com\/?page_id=14003"},"modified":"2025-01-27T20:10:38","modified_gmt":"2025-01-27T19:10:38","slug":"juror-arantzazu-martinez","status":"publish","type":"page","link":"https:\/\/pruebas.tartgetprize.com\/index.php\/jury\/juror-arantzazu-martinez\/","title":{"rendered":"Juror &#8211; Arantzazu Martinez"},"content":{"rendered":"\t\t<div data-elementor-type=\"wp-page\" data-elementor-id=\"14003\" class=\"elementor elementor-14003\" data-elementor-post-type=\"page\">\n\t\t\t\t<div class=\"elementor-element elementor-element-7916db2 e-flex e-con-boxed e-con e-parent\" data-id=\"7916db2\" data-element_type=\"container\">\n\t\t\t\t\t<div class=\"e-con-inner\">\n\t\t<div class=\"elementor-element elementor-element-949bedf e-con-full e-flex e-con e-child\" data-id=\"949bedf\" data-element_type=\"container\">\n\t\t\t\t<div class=\"elementor-element elementor-element-49d4494 elementor-widget elementor-widget-image\" data-id=\"49d4494\" data-element_type=\"widget\" data-widget_type=\"image.default\">\n\t\t\t\t<div class=\"elementor-widget-container\">\n\t\t\t\t\t\t\t\t\t\t\t\t<figure class=\"wp-caption\">\n\t\t\t\t\t\t\t\t\t\t<img fetchpriority=\"high\" decoding=\"async\" width=\"600\" height=\"800\" src=\"https:\/\/pruebas.tartgetprize.com\/wp-content\/uploads\/IMG_6726.jpg\" class=\"attachment-medium_large size-medium_large wp-image-14005\" alt=\"Arantzazu Mart\u00ednez Peci\u00f1a\" srcset=\"https:\/\/pruebas.tartgetprize.com\/wp-content\/uploads\/IMG_6726.jpg 600w, https:\/\/pruebas.tartgetprize.com\/wp-content\/uploads\/IMG_6726-450x600.jpg 450w\" sizes=\"(max-width: 600px) 100vw, 600px\" \/>\t\t\t\t\t\t\t\t\t\t\t<figcaption class=\"widget-image-caption wp-caption-text\">Arantzazu Mart\u00ednez Peci\u00f1a<\/figcaption>\n\t\t\t\t\t\t\t\t\t\t<\/figure>\n\t\t\t\t\t\t\t\t\t<\/div>\n\t\t\t\t<\/div>\n\t\t\t\t<\/div>\n\t\t<div class=\"elementor-element elementor-element-c03f883 e-con-full e-flex e-con e-child\" data-id=\"c03f883\" data-element_type=\"container\">\n\t\t<div class=\"elementor-element elementor-element-85b8121 e-flex e-con-boxed e-con e-child\" data-id=\"85b8121\" data-element_type=\"container\">\n\t\t\t\t\t<div class=\"e-con-inner\">\n\t\t\t\t<div class=\"elementor-element elementor-element-d1339f2 elementor-widget elementor-widget-heading\" data-id=\"d1339f2\" data-element_type=\"widget\" data-widget_type=\"heading.default\">\n\t\t\t\t<div class=\"elementor-widget-container\">\n\t\t\t\t\t<h1 class=\"elementor-heading-title elementor-size-default\">Arantzazu Mart\u00ednez Peci\u00f1a<\/h1>\t\t\t\t<\/div>\n\t\t\t\t<\/div>\n\t\t\t\t<div class=\"elementor-element elementor-element-2f6374f elementor-hidden-mobile elementor-view-default elementor-widget elementor-widget-icon\" data-id=\"2f6374f\" data-element_type=\"widget\" data-widget_type=\"icon.default\">\n\t\t\t\t<div class=\"elementor-widget-container\">\n\t\t\t\t\t\t\t<div class=\"elementor-icon-wrapper\">\n\t\t\t<a class=\"elementor-icon\" href=\"https:\/\/pruebas.tartgetprize.com\/index.php\/jury02\/\">\n\t\t\t<svg aria-hidden=\"true\" class=\"e-font-icon-svg e-fas-arrow-left\" viewBox=\"0 0 448 512\" xmlns=\"http:\/\/www.w3.org\/2000\/svg\"><path d=\"M257.5 445.1l-22.2 22.2c-9.4 9.4-24.6 9.4-33.9 0L7 273c-9.4-9.4-9.4-24.6 0-33.9L201.4 44.7c9.4-9.4 24.6-9.4 33.9 0l22.2 22.2c9.5 9.5 9.3 25-.4 34.3L136.6 216H424c13.3 0 24 10.7 24 24v32c0 13.3-10.7 24-24 24H136.6l120.5 114.8c9.8 9.3 10 24.8.4 34.3z\"><\/path><\/svg>\t\t\t<\/a>\n\t\t<\/div>\n\t\t\t\t\t\t<\/div>\n\t\t\t\t<\/div>\n\t\t\t\t\t<\/div>\n\t\t\t\t<\/div>\n\t\t\t\t<div class=\"elementor-element elementor-element-45df717 e-grid-align-left elementor-shape-rounded elementor-grid-0 elementor-widget elementor-widget-social-icons\" data-id=\"45df717\" data-element_type=\"widget\" data-widget_type=\"social-icons.default\">\n\t\t\t\t<div class=\"elementor-widget-container\">\n\t\t\t\t\t\t\t<div class=\"elementor-social-icons-wrapper elementor-grid\" role=\"list\">\n\t\t\t\t\t\t\t<span class=\"elementor-grid-item\" role=\"listitem\">\n\t\t\t\t\t<a class=\"elementor-icon elementor-social-icon elementor-social-icon-facebook elementor-repeater-item-9d418cd\" href=\"https:\/\/www.facebook.com\/Arantzazumartinez.artist\/?locale=es_ES\" target=\"_blank\">\n\t\t\t\t\t\t<span class=\"elementor-screen-only\">Facebook<\/span>\n\t\t\t\t\t\t<svg aria-hidden=\"true\" class=\"e-font-icon-svg e-fab-facebook\" viewBox=\"0 0 512 512\" xmlns=\"http:\/\/www.w3.org\/2000\/svg\"><path d=\"M504 256C504 119 393 8 256 8S8 119 8 256c0 123.78 90.69 226.38 209.25 245V327.69h-63V256h63v-54.64c0-62.15 37-96.48 93.67-96.48 27.14 0 55.52 4.84 55.52 4.84v61h-31.28c-30.8 0-40.41 19.12-40.41 38.73V256h68.78l-11 71.69h-57.78V501C413.31 482.38 504 379.78 504 256z\"><\/path><\/svg>\t\t\t\t\t<\/a>\n\t\t\t\t<\/span>\n\t\t\t\t\t\t\t<span class=\"elementor-grid-item\" role=\"listitem\">\n\t\t\t\t\t<a class=\"elementor-icon elementor-social-icon elementor-social-icon-instagram elementor-repeater-item-a8241c4\" href=\"https:\/\/www.instagram.com\/arantzazumartinez.artist\/?hl=es\" target=\"_blank\">\n\t\t\t\t\t\t<span class=\"elementor-screen-only\">Instagram<\/span>\n\t\t\t\t\t\t<svg aria-hidden=\"true\" class=\"e-font-icon-svg e-fab-instagram\" viewBox=\"0 0 448 512\" xmlns=\"http:\/\/www.w3.org\/2000\/svg\"><path d=\"M224.1 141c-63.6 0-114.9 51.3-114.9 114.9s51.3 114.9 114.9 114.9S339 319.5 339 255.9 287.7 141 224.1 141zm0 189.6c-41.1 0-74.7-33.5-74.7-74.7s33.5-74.7 74.7-74.7 74.7 33.5 74.7 74.7-33.6 74.7-74.7 74.7zm146.4-194.3c0 14.9-12 26.8-26.8 26.8-14.9 0-26.8-12-26.8-26.8s12-26.8 26.8-26.8 26.8 12 26.8 26.8zm76.1 27.2c-1.7-35.9-9.9-67.7-36.2-93.9-26.2-26.2-58-34.4-93.9-36.2-37-2.1-147.9-2.1-184.9 0-35.8 1.7-67.6 9.9-93.9 36.1s-34.4 58-36.2 93.9c-2.1 37-2.1 147.9 0 184.9 1.7 35.9 9.9 67.7 36.2 93.9s58 34.4 93.9 36.2c37 2.1 147.9 2.1 184.9 0 35.9-1.7 67.7-9.9 93.9-36.2 26.2-26.2 34.4-58 36.2-93.9 2.1-37 2.1-147.8 0-184.8zM398.8 388c-7.8 19.6-22.9 34.7-42.6 42.6-29.5 11.7-99.5 9-132.1 9s-102.7 2.6-132.1-9c-19.6-7.8-34.7-22.9-42.6-42.6-11.7-29.5-9-99.5-9-132.1s-2.6-102.7 9-132.1c7.8-19.6 22.9-34.7 42.6-42.6 29.5-11.7 99.5-9 132.1-9s102.7-2.6 132.1 9c19.6 7.8 34.7 22.9 42.6 42.6 11.7 29.5 9 99.5 9 132.1s2.7 102.7-9 132.1z\"><\/path><\/svg>\t\t\t\t\t<\/a>\n\t\t\t\t<\/span>\n\t\t\t\t\t<\/div>\n\t\t\t\t\t\t<\/div>\n\t\t\t\t<\/div>\n\t\t\t\t<div class=\"elementor-element elementor-element-9aeb2e5 elementor-hidden-tablet elementor-hidden-mobile elementor-widget elementor-widget-text-editor\" data-id=\"9aeb2e5\" data-element_type=\"widget\" data-widget_type=\"text-editor.default\">\n\t\t\t\t<div class=\"elementor-widget-container\">\n\t\t\t\t\t\t\t\t\t<h3><strong>Dremalike artist<\/strong><\/h3><p>The artist from Vitoria, <strong>Arantzazu Mart\u00ednez Peci\u00f1a (1977)<\/strong>, has managed to establish herself as one of the most prominent figures in contemporary figurative painting in Spain. Her work, characterized by refined technique and a unique sensitivity, takes us to dreamlike worlds where reality converses with the fantastic.<\/p>\t\t\t\t\t\t\t\t<\/div>\n\t\t\t\t<\/div>\n\t\t\t\t<\/div>\n\t\t<div class=\"elementor-element elementor-element-d8ef816 e-con-full e-flex e-con e-child\" data-id=\"d8ef816\" data-element_type=\"container\">\n\t\t\t\t<div class=\"elementor-element elementor-element-59d6a23 elementor-widget elementor-widget-text-editor\" data-id=\"59d6a23\" data-element_type=\"widget\" data-widget_type=\"text-editor.default\">\n\t\t\t\t<div class=\"elementor-widget-container\">\n\t\t\t\t\t\t\t\t\t<p>Trained at the University of the Basque Country and perfected at the prestigious New York Academy of Figurative Art and Water Street Atelier, Mart\u00ednez Peci\u00f1a has developed a unique style that blends the tradition of classical painting with the visual language of our times. Her canvases, marked by magical realism, immerse us in an intimate and personal universe where the human figure, often female, dominates the scene.<\/p><p>Light plays a crucial role in her compositions. With mastery, the artist uses both light and darkness to shape forms, create atmospheres, and evoke emotions. Her brushstrokes, precise and filled with intention, reveal a deep connection with academic tradition, but also express a profound creative freedom.<\/p><p>Mart\u00ednez Peci\u00f1a\u2019s ability to create parallel worlds has captivated internationally renowned collectors, such as George Lucas and Forbes. Her works are part of prestigious collections, including the European Museum of Modern Art (MEAM) in Barcelona and the Ibex Collection. She has also been recognized with numerous awards, such as the Bouguereau Award 2013 and the Best in Show 2015 at the ARC Salon in New York.<\/p><p>In each of her works, Mart\u00ednez Peci\u00f1a invites us to reflect on the human condition, our fears, and our dreams. Her paintings are open windows where we can contemplate a world full of poetry and mystery.<\/p><p>At Tartget Prize, we are honored to have an artist of Arantzazu Mart\u00ednez Peci\u00f1a\u2019s caliber. Her work is a testament to the vitality of figurative painting and a source of inspiration for new generations of artists.<\/p>\t\t\t\t\t\t\t\t<\/div>\n\t\t\t\t<\/div>\n\t\t\t\t<\/div>\n\t\t\t\t\t<\/div>\n\t\t\t\t<\/div>\n\t\t<div class=\"elementor-element elementor-element-dd2426a e-flex e-con-boxed e-con e-parent\" data-id=\"dd2426a\" data-element_type=\"container\" data-settings=\"{&quot;background_background&quot;:&quot;classic&quot;}\">\n\t\t\t\t\t<div class=\"e-con-inner\">\n\t\t\t\t<div class=\"elementor-element elementor-element-9d3e345 elementor-hidden-desktop elementor-widget elementor-widget-text-editor\" data-id=\"9d3e345\" data-element_type=\"widget\" data-widget_type=\"text-editor.default\">\n\t\t\t\t<div class=\"elementor-widget-container\">\n\t\t\t\t\t\t\t\t\t<h3><strong>Dremalike artist.<\/strong><\/h3><p>The artist from Vitoria, <strong>Arantzazu Mart\u00ednez Peci\u00f1a (1977)<\/strong>, has managed to establish herself as one of the most prominent figures in contemporary figurative painting in Spain. Her work, characterized by refined technique and a unique sensitivity, takes us to dreamlike worlds where reality converses with the fantastic.<\/p>\t\t\t\t\t\t\t\t<\/div>\n\t\t\t\t<\/div>\n\t\t\t\t\t<\/div>\n\t\t\t\t<\/div>\n\t\t<div class=\"elementor-element elementor-element-792599a e-flex e-con-boxed e-con e-parent\" data-id=\"792599a\" data-element_type=\"container\">\n\t\t\t\t\t<div class=\"e-con-inner\">\n\t\t\t\t<div class=\"elementor-element elementor-element-a997db9 elementor-widget elementor-widget-image-gallery\" data-id=\"a997db9\" data-element_type=\"widget\" data-widget_type=\"image-gallery.default\">\n\t\t\t\t<div class=\"elementor-widget-container\">\n\t\t\t\t\t\t\t<div class=\"elementor-image-gallery\">\n\t\t\t<div id='gallery-1' class='gallery galleryid-14003 gallery-columns-5 gallery-size-thumbnail'><figure class='gallery-item'>\n\t\t\t<div class='gallery-icon landscape'>\n\t\t\t\t<a data-elementor-open-lightbox=\"yes\" data-elementor-lightbox-slideshow=\"a997db9\" data-elementor-lightbox-title=\"Absolute Trust\" data-e-action-hash=\"#elementor-action%3Aaction%3Dlightbox%26settings%3DeyJpZCI6MTQwMDYsInVybCI6Imh0dHBzOlwvXC9wcnVlYmFzLnRhcnRnZXRwcml6ZS5jb21cL3dwLWNvbnRlbnRcL3VwbG9hZHNcL0FCLURldGFpbC4tQWJzb2x1dGUtdHJ1c3QuanBnLTIuanBnIiwic2xpZGVzaG93IjoiYTk5N2RiOSJ9\" href='https:\/\/pruebas.tartgetprize.com\/wp-content\/uploads\/AB-Detail.-Absolute-trust.jpg-2.jpg'><img decoding=\"async\" width=\"300\" height=\"300\" src=\"https:\/\/pruebas.tartgetprize.com\/wp-content\/uploads\/AB-Detail.-Absolute-trust.jpg-2-300x300.jpg\" class=\"attachment-thumbnail size-thumbnail\" alt=\"\" aria-describedby=\"gallery-1-14006\" \/><\/a>\n\t\t\t<\/div>\n\t\t\t\t<figcaption class='wp-caption-text gallery-caption' id='gallery-1-14006'>\n\t\t\t\tAbsolute Trust\n\t\t\t\t<\/figcaption><\/figure><figure class='gallery-item'>\n\t\t\t<div class='gallery-icon portrait'>\n\t\t\t\t<a data-elementor-open-lightbox=\"yes\" data-elementor-lightbox-slideshow=\"a997db9\" data-elementor-lightbox-title=\"Back into the unlimited\" data-e-action-hash=\"#elementor-action%3Aaction%3Dlightbox%26settings%3DeyJpZCI6MTQwMDcsInVybCI6Imh0dHBzOlwvXC9wcnVlYmFzLnRhcnRnZXRwcml6ZS5jb21cL3dwLWNvbnRlbnRcL3VwbG9hZHNcL0RlLXZ1ZWx0YS5qcGciLCJzbGlkZXNob3ciOiJhOTk3ZGI5In0%3D\" href='https:\/\/pruebas.tartgetprize.com\/wp-content\/uploads\/De-vuelta.jpg'><img decoding=\"async\" width=\"300\" height=\"300\" src=\"https:\/\/pruebas.tartgetprize.com\/wp-content\/uploads\/De-vuelta-300x300.jpg\" class=\"attachment-thumbnail size-thumbnail\" alt=\"\" aria-describedby=\"gallery-1-14007\" \/><\/a>\n\t\t\t<\/div>\n\t\t\t\t<figcaption class='wp-caption-text gallery-caption' id='gallery-1-14007'>\n\t\t\t\tBack into the unlimited\n\t\t\t\t<\/figcaption><\/figure><figure class='gallery-item'>\n\t\t\t<div class='gallery-icon portrait'>\n\t\t\t\t<a data-elementor-open-lightbox=\"yes\" data-elementor-lightbox-slideshow=\"a997db9\" data-elementor-lightbox-title=\"Back into the unlimited\" data-e-action-hash=\"#elementor-action%3Aaction%3Dlightbox%26settings%3DeyJpZCI6MTQwMDgsInVybCI6Imh0dHBzOlwvXC9wcnVlYmFzLnRhcnRnZXRwcml6ZS5jb21cL3dwLWNvbnRlbnRcL3VwbG9hZHNcL0RyYWN1bGEuanBnIiwic2xpZGVzaG93IjoiYTk5N2RiOSJ9\" href='https:\/\/pruebas.tartgetprize.com\/wp-content\/uploads\/Dracula.jpg'><img loading=\"lazy\" decoding=\"async\" width=\"300\" height=\"300\" src=\"https:\/\/pruebas.tartgetprize.com\/wp-content\/uploads\/Dracula-300x300.jpg\" class=\"attachment-thumbnail size-thumbnail\" alt=\"\" \/><\/a>\n\t\t\t<\/div><\/figure><figure class='gallery-item'>\n\t\t\t<div class='gallery-icon portrait'>\n\t\t\t\t<a data-elementor-open-lightbox=\"yes\" data-elementor-lightbox-slideshow=\"a997db9\" data-elementor-lightbox-title=\"Back into the unlimited\" data-e-action-hash=\"#elementor-action%3Aaction%3Dlightbox%26settings%3DeyJpZCI6MTQwMDksInVybCI6Imh0dHBzOlwvXC9wcnVlYmFzLnRhcnRnZXRwcml6ZS5jb21cL3dwLWNvbnRlbnRcL3VwbG9hZHNcL1RvLXRoZS1za3kuLTE2MngxMTRjbS4tNjM3eDQ0OC1pbmNoZXMuanBnIiwic2xpZGVzaG93IjoiYTk5N2RiOSJ9\" href='https:\/\/pruebas.tartgetprize.com\/wp-content\/uploads\/To-the-sky.-162x114cm.-637x448-inches.jpg'><img loading=\"lazy\" decoding=\"async\" width=\"300\" height=\"300\" src=\"https:\/\/pruebas.tartgetprize.com\/wp-content\/uploads\/To-the-sky.-162x114cm.-637x448-inches-300x300.jpg\" class=\"attachment-thumbnail size-thumbnail\" alt=\"\" \/><\/a>\n\t\t\t<\/div><\/figure><figure class='gallery-item'>\n\t\t\t<div class='gallery-icon portrait'>\n\t\t\t\t<a data-elementor-open-lightbox=\"yes\" data-elementor-lightbox-slideshow=\"a997db9\" data-elementor-lightbox-title=\"Back into the unlimited\" data-e-action-hash=\"#elementor-action%3Aaction%3Dlightbox%26settings%3DeyJpZCI6MTQwMTAsInVybCI6Imh0dHBzOlwvXC9wcnVlYmFzLnRhcnRnZXRwcml6ZS5jb21cL3dwLWNvbnRlbnRcL3VwbG9hZHNcL1NsZWVwaW5nLWJlYXV0eS5qcGciLCJzbGlkZXNob3ciOiJhOTk3ZGI5In0%3D\" href='https:\/\/pruebas.tartgetprize.com\/wp-content\/uploads\/Sleeping-beauty.jpg'><img loading=\"lazy\" decoding=\"async\" width=\"300\" height=\"300\" src=\"https:\/\/pruebas.tartgetprize.com\/wp-content\/uploads\/Sleeping-beauty-300x300.jpg\" class=\"attachment-thumbnail size-thumbnail\" alt=\"\" \/><\/a>\n\t\t\t<\/div><\/figure>\n\t\t<\/div>\n\t\t<\/div>\n\t\t\t\t\t\t<\/div>\n\t\t\t\t<\/div>\n\t\t\t\t\t<\/div>\n\t\t\t\t<\/div>\n\t\t\t\t<\/div>\n\t\t","protected":false},"excerpt":{"rendered":"<p>Arantzazu Mart\u00ednez Peci\u00f1a Arantzazu Mart\u00ednez Peci\u00f1a Facebook Instagram Dremalike artist The artist from Vitoria, Arantzazu Mart\u00ednez Peci\u00f1a (1977), has managed to establish herself as one of the most prominent figures in contemporary figurative painting in Spain. Her work, characterized by refined technique and a unique sensitivity, takes us to dreamlike worlds where reality converses with [&hellip;]<\/p>\n","protected":false},"author":1,"featured_media":0,"parent":77,"menu_order":0,"comment_status":"closed","ping_status":"closed","template":"","meta":{"footnotes":""},"class_list":["post-14003","page","type-page","status-publish","hentry"],"_links":{"self":[{"href":"https:\/\/pruebas.tartgetprize.com\/index.php\/wp-json\/wp\/v2\/pages\/14003","targetHints":{"allow":["GET"]}}],"collection":[{"href":"https:\/\/pruebas.tartgetprize.com\/index.php\/wp-json\/wp\/v2\/pages"}],"about":[{"href":"https:\/\/pruebas.tartgetprize.com\/index.php\/wp-json\/wp\/v2\/types\/page"}],"author":[{"embeddable":true,"href":"https:\/\/pruebas.tartgetprize.com\/index.php\/wp-json\/wp\/v2\/users\/1"}],"replies":[{"embeddable":true,"href":"https:\/\/pruebas.tartgetprize.com\/index.php\/wp-json\/wp\/v2\/comments?post=14003"}],"version-history":[{"count":2,"href":"https:\/\/pruebas.tartgetprize.com\/index.php\/wp-json\/wp\/v2\/pages\/14003\/revisions"}],"predecessor-version":[{"id":14117,"href":"https:\/\/pruebas.tartgetprize.com\/index.php\/wp-json\/wp\/v2\/pages\/14003\/revisions\/14117"}],"up":[{"embeddable":true,"href":"https:\/\/pruebas.tartgetprize.com\/index.php\/wp-json\/wp\/v2\/pages\/77"}],"wp:attachment":[{"href":"https:\/\/pruebas.tartgetprize.com\/index.php\/wp-json\/wp\/v2\/media?parent=14003"}],"curies":[{"name":"wp","href":"https:\/\/api.w.org\/{rel}","templated":true}]}}